{"id":704,"date":"2025-12-29T10:11:01","date_gmt":"2025-12-29T10:11:01","guid":{"rendered":"https:\/\/sgcigroup.ca\/?page_id=704"},"modified":"2026-01-26T11:53:23","modified_gmt":"2026-01-26T11:53:23","slug":"a-word-from-the-president","status":"publish","type":"page","link":"https:\/\/sgcigroup.ca\/en\/a-word-from-the-president\/","title":{"rendered":"A Word from the President"},"content":{"rendered":"<div data-elementor-type=\"wp-page\" data-elementor-id=\"704\" class=\"elementor elementor-704\" data-elementor-post-type=\"page\">\n\t\t\t\t<div class=\"elementor-element elementor-element-8da2a59 e-flex e-con-boxed e-con e-parent\" data-id=\"8da2a59\" data-element_type=\"container\" data-settings=\"{&quot;background_background&quot;:&quot;classic&quot;}\">\n\t\t\t\t\t<div class=\"e-con-inner\">\n\t\t<div class=\"elementor-element elementor-element-749f81c e-con-full e-flex e-con e-child\" data-id=\"749f81c\" data-element_type=\"container\">\n\t\t\t\t<div class=\"elementor-element elementor-element-6526258 elementor-invisible elementor-widget elementor-widget-heading\" data-id=\"6526258\" data-element_type=\"widget\" data-settings=\"{&quot;_animation&quot;:&quot;fadeInUp&quot;}\" data-widget_type=\"heading.default\">\n\t\t\t\t\t<h2 class=\"elementor-heading-title elementor-size-default\">A Word from the President\n<\/h2>\t\t\t\t<\/div>\n\t\t\t\t<\/div>\n\t\t\t\t\t<\/div>\n\t\t\t\t<\/div>\n\t\t<div class=\"elementor-element elementor-element-7b1900d e-flex e-con-boxed e-con e-parent\" data-id=\"7b1900d\" data-element_type=\"container\" data-settings=\"{&quot;background_background&quot;:&quot;classic&quot;}\">\n\t\t\t\t\t<div class=\"e-con-inner\">\n\t\t<div class=\"elementor-element elementor-element-a513fa5 e-con-full e-flex e-con e-child\" data-id=\"a513fa5\" data-element_type=\"container\">\n\t\t\t\t<div class=\"elementor-element elementor-element-3eb231a elementor-hidden-mobile elementor-invisible elementor-widget elementor-widget-image\" data-id=\"3eb231a\" data-element_type=\"widget\" data-settings=\"{&quot;_animation&quot;:&quot;fadeInRight&quot;}\" data-widget_type=\"image.default\">\n\t\t\t\t\t\t\t\t\t\t\t\t\t\t\t<img fetchpriority=\"high\" decoding=\"async\" width=\"800\" height=\"967\" src=\"https:\/\/sgcigroup.ca\/wp-content\/uploads\/2026\/01\/Samir-Hliouti-SgciGroup.png\" class=\"attachment-large size-large wp-image-885\" alt=\"\" srcset=\"https:\/\/sgcigroup.ca\/wp-content\/uploads\/2026\/01\/Samir-Hliouti-SgciGroup.png 819w, https:\/\/sgcigroup.ca\/wp-content\/uploads\/2026\/01\/Samir-Hliouti-SgciGroup-248x300.png 248w, https:\/\/sgcigroup.ca\/wp-content\/uploads\/2026\/01\/Samir-Hliouti-SgciGroup-768x928.png 768w\" sizes=\"(max-width: 800px) 100vw, 800px\" \/>\t\t\t\t\t\t\t\t\t\t\t\t\t\t\t<\/div>\n\t\t\t\t<\/div>\n\t\t<div class=\"elementor-element elementor-element-cc1e762 e-con-full e-flex e-con e-child\" data-id=\"cc1e762\" data-element_type=\"container\" data-settings=\"{&quot;background_background&quot;:&quot;classic&quot;}\">\n\t\t\t\t<div class=\"elementor-element elementor-element-4457501 elementor-hidden-desktop elementor-hidden-tablet elementor-widget elementor-widget-image\" data-id=\"4457501\" data-element_type=\"widget\" data-widget_type=\"image.default\">\n\t\t\t\t\t\t\t\t\t\t\t\t\t\t\t<img fetchpriority=\"high\" decoding=\"async\" width=\"800\" height=\"967\" src=\"https:\/\/sgcigroup.ca\/wp-content\/uploads\/2026\/01\/Samir-Hliouti-SgciGroup.png\" class=\"attachment-large size-large wp-image-885\" alt=\"\" srcset=\"https:\/\/sgcigroup.ca\/wp-content\/uploads\/2026\/01\/Samir-Hliouti-SgciGroup.png 819w, https:\/\/sgcigroup.ca\/wp-content\/uploads\/2026\/01\/Samir-Hliouti-SgciGroup-248x300.png 248w, https:\/\/sgcigroup.ca\/wp-content\/uploads\/2026\/01\/Samir-Hliouti-SgciGroup-768x928.png 768w\" sizes=\"(max-width: 800px) 100vw, 800px\" \/>\t\t\t\t\t\t\t\t\t\t\t\t\t\t\t<\/div>\n\t\t\t\t<div class=\"elementor-element elementor-element-ccb2b4c elementor-invisible elementor-widget elementor-widget-text-editor\" data-id=\"ccb2b4c\" data-element_type=\"widget\" data-settings=\"{&quot;_animation&quot;:&quot;fadeInLeft&quot;}\" data-widget_type=\"text-editor.default\">\n\t\t\t\t\t\t\t\t\t<p>We work in areas where profitability, reliability, and time management are essential. Thanks to our expertise in process analysis and optimization, we have developed effective methods that enable us to grow alongside our employees and offer our partners a high value-added experience.<\/p><p>In a global context marked by inflation and economic fluctuations, reducing costs while improving quality is now the main challenge facing businesses. More than ever, sourcing raw materials, transportation, and logistics should not hinder what you do best: create, innovate, and produce.<\/p><p>With this in mind, Societe Generale de Commerce International is committed to strengthening the relationship between you and your partners every day, simplifying your operations and securing your transactions.<\/p><p>You set the destination, we map the route.<\/p>\t\t\t\t\t\t\t\t<\/div>\n\t\t\t\t<div class=\"elementor-element elementor-element-37e5bbf elementor-widget elementor-widget-heading\" data-id=\"37e5bbf\" data-element_type=\"widget\" data-widget_type=\"heading.default\">\n\t\t\t\t\t<h2 class=\"elementor-heading-title elementor-size-default\">Samir HLIOUTI<\/h2>\t\t\t\t<\/div>\n\t\t\t\t<div class=\"elementor-element elementor-element-c15afd4 elementor-widget elementor-widget-heading\" data-id=\"c15afd4\" data-element_type=\"widget\" data-widget_type=\"heading.default\">\n\t\t\t\t\t<h2 class=\"elementor-heading-title elementor-size-default\">Pr\u00e9sident <\/h2>\t\t\t\t<\/div>\n\t\t\t\t<\/div>\n\t\t\t\t\t<\/div>\n\t\t\t\t<\/div>\n\t\t<div class=\"elementor-element elementor-element-111798a e-flex e-con-boxed elementor-invisible e-con e-parent\" data-id=\"111798a\" data-element_type=\"container\" data-settings=\"{&quot;animation&quot;:&quot;fadeInUp&quot;}\">\n\t\t\t\t\t<div class=\"e-con-inner\">\n\t\t\t\t<div class=\"elementor-element elementor-element-bc9e05e elementor-widget elementor-widget-heading\" data-id=\"bc9e05e\" data-element_type=\"widget\" data-widget_type=\"heading.default\">\n\t\t\t\t\t<h2 class=\"elementor-heading-title elementor-size-default\">Our clients<\/h2>\t\t\t\t<\/div>\n\t\t\t\t\t<\/div>\n\t\t\t\t<\/div>\n\t\t<div class=\"elementor-element elementor-element-4647a16 e-flex e-con-boxed elementor-invisible e-con e-parent\" data-id=\"4647a16\" data-element_type=\"container\" data-settings=\"{&quot;animation&quot;:&quot;fadeInUp&quot;}\">\n\t\t\t\t\t<div class=\"e-con-inner\">\n\t\t\t\t<div class=\"elementor-element elementor-element-2e1b03e elementor-pagination-position-outside elementor-widget elementor-widget-image-carousel\" data-id=\"2e1b03e\" data-element_type=\"widget\" data-settings=\"{&quot;slides_to_show&quot;:&quot;5&quot;,&quot;navigation&quot;:&quot;dots&quot;,&quot;autoplay&quot;:&quot;yes&quot;,&quot;pause_on_hover&quot;:&quot;yes&quot;,&quot;pause_on_interaction&quot;:&quot;yes&quot;,&quot;autoplay_speed&quot;:5000,&quot;infinite&quot;:&quot;yes&quot;,&quot;speed&quot;:500}\" data-widget_type=\"image-carousel.default\">\n\t\t\t\t\t\t\t<div class=\"elementor-image-carousel-wrapper swiper\" role=\"region\" aria-roledescription=\"carousel\" aria-label=\"Image Carousel\" dir=\"ltr\">\n\t\t\t<div class=\"elementor-image-carousel swiper-wrapper\" aria-live=\"off\">\n\t\t\t\t\t\t\t\t<div class=\"swiper-slide\" role=\"group\" aria-roledescription=\"slide\" aria-label=\"1 of 7\"><figure class=\"swiper-slide-inner\"><img decoding=\"async\" class=\"swiper-slide-image\" src=\"https:\/\/sgcigroup.ca\/wp-content\/uploads\/2025\/12\/Frame-32410.svg\" alt=\"Frame 32410\" \/><\/figure><\/div><div class=\"swiper-slide\" role=\"group\" aria-roledescription=\"slide\" aria-label=\"2 of 7\"><figure class=\"swiper-slide-inner\"><img decoding=\"async\" class=\"swiper-slide-image\" src=\"https:\/\/sgcigroup.ca\/wp-content\/uploads\/2025\/12\/Frame-32409.svg\" alt=\"Frame 32409\" \/><\/figure><\/div><div class=\"swiper-slide\" role=\"group\" aria-roledescription=\"slide\" aria-label=\"3 of 7\"><figure class=\"swiper-slide-inner\"><img decoding=\"async\" class=\"swiper-slide-image\" src=\"https:\/\/sgcigroup.ca\/wp-content\/uploads\/2025\/12\/Frame-31923-150x101.png\" alt=\"Frame-31923\" \/><\/figure><\/div><div class=\"swiper-slide\" role=\"group\" aria-roledescription=\"slide\" aria-label=\"4 of 7\"><figure class=\"swiper-slide-inner\"><img decoding=\"async\" class=\"swiper-slide-image\" src=\"https:\/\/sgcigroup.ca\/wp-content\/uploads\/2025\/12\/Frame-31921-150x101.png\" alt=\"Frame-31921\" \/><\/figure><\/div><div class=\"swiper-slide\" role=\"group\" aria-roledescription=\"slide\" aria-label=\"5 of 7\"><figure class=\"swiper-slide-inner\"><img decoding=\"async\" class=\"swiper-slide-image\" src=\"https:\/\/sgcigroup.ca\/wp-content\/uploads\/2025\/12\/Frame-31919-150x101.png\" alt=\"Frame-31919\" \/><\/figure><\/div><div class=\"swiper-slide\" role=\"group\" aria-roledescription=\"slide\" aria-label=\"6 of 7\"><figure class=\"swiper-slide-inner\"><img decoding=\"async\" class=\"swiper-slide-image\" src=\"https:\/\/sgcigroup.ca\/wp-content\/uploads\/2025\/12\/Frame-3400-150x101.png\" alt=\"Frame-3400\" \/><\/figure><\/div><div class=\"swiper-slide\" role=\"group\" aria-roledescription=\"slide\" aria-label=\"7 of 7\"><figure class=\"swiper-slide-inner\"><img decoding=\"async\" class=\"swiper-slide-image\" src=\"https:\/\/sgcigroup.ca\/wp-content\/uploads\/2025\/12\/Frame-32411-2-150x150.png\" alt=\"Frame 32411 (2)\" \/><\/figure><\/div>\t\t\t<\/div>\n\t\t\t\t\t\t\t\n\t\t\t\t\t\t\t\t\t<div class=\"swiper-pagination\"><\/div>\n\t\t\t\t\t\t\t\t\t<\/div>\n\t\t\t\t\t\t<\/div>\n\t\t\t\t\t<\/div>\n\t\t\t\t<\/div>\n\t\t<div class=\"elementor-element elementor-element-001d007 e-flex e-con-boxed elementor-invisible e-con e-parent\" data-id=\"001d007\" data-element_type=\"container\" data-settings=\"{&quot;background_background&quot;:&quot;classic&quot;,&quot;animation&quot;:&quot;fadeInUp&quot;}\">\n\t\t\t\t\t<div class=\"e-con-inner\">\n\t\t<div class=\"elementor-element elementor-element-5d41bd1 e-con-full e-flex e-con e-child\" data-id=\"5d41bd1\" data-element_type=\"container\" data-settings=\"{&quot;background_background&quot;:&quot;classic&quot;}\">\n\t\t<div class=\"elementor-element elementor-element-38df26c e-con-full e-flex e-con e-child\" data-id=\"38df26c\" data-element_type=\"container\">\n\t\t\t\t<div class=\"elementor-element elementor-element-4f546e5 elementor-widget elementor-widget-heading\" data-id=\"4f546e5\" data-element_type=\"widget\" data-widget_type=\"heading.default\">\n\t\t\t\t\t<h2 class=\"elementor-heading-title elementor-size-default\">DOING BUSINESS WITH Sgci group<\/h2>\t\t\t\t<\/div>\n\t\t\t\t<div class=\"elementor-element elementor-element-04d3dee elementor-widget elementor-widget-text-editor\" data-id=\"04d3dee\" data-element_type=\"widget\" data-widget_type=\"text-editor.default\">\n\t\t\t\t\t\t\t\t\t<p>Learn how our logistics expertise and innovations can improve your supply chain performance.<br \/>Contact us now to discover solutions tailored to your needs.<\/p>\t\t\t\t\t\t\t\t<\/div>\n\t\t\t\t<\/div>\n\t\t<div class=\"elementor-element elementor-element-509dd83 e-con-full e-flex e-con e-child\" data-id=\"509dd83\" data-element_type=\"container\">\n\t\t\t\t<div class=\"elementor-element elementor-element-a4bf4fe elementor-widget elementor-widget-button\" data-id=\"a4bf4fe\" data-element_type=\"widget\" data-widget_type=\"button.default\">\n\t\t\t\t\t\t\t\t\t\t<a class=\"elementor-button elementor-button-link elementor-size-sm\" href=\"https:\/\/sgcigroup.ca\/en\/contact\/\">\n\t\t\t\t\t\t<span class=\"elementor-button-content-wrapper\">\n\t\t\t\t\t\t<span class=\"elementor-button-icon\">\n\t\t\t\t<svg aria-hidden=\"true\" class=\"e-font-icon-svg e-fas-external-link-alt\" viewbox=\"0 0 512 512\" xmlns=\"http:\/\/www.w3.org\/2000\/svg\"><path d=\"M432,320H400a16,16,0,0,0-16,16V448H64V128H208a16,16,0,0,0,16-16V80a16,16,0,0,0-16-16H48A48,48,0,0,0,0,112V464a48,48,0,0,0,48,48H400a48,48,0,0,0,48-48V336A16,16,0,0,0,432,320ZM488,0h-128c-21.37,0-32.05,25.91-17,41l35.73,35.73L135,320.37a24,24,0,0,0,0,34L157.67,377a24,24,0,0,0,34,0L435.28,133.32,471,169c15,15,41,4.5,41-17V24A24,24,0,0,0,488,0Z\"><\/path><\/svg>\t\t\t<\/span>\n\t\t\t\t\t\t\t\t\t<span class=\"elementor-button-text\">Contact us<\/span>\n\t\t\t\t\t<\/span>\n\t\t\t\t\t<\/a>\n\t\t\t\t\t\t\t\t<\/div>\n\t\t\t\t<\/div>\n\t\t\t\t<\/div>\n\t\t\t\t\t<\/div>\n\t\t\t\t<\/div>\n\t\t\t\t<\/div>","protected":false},"excerpt":{"rendered":"<p>Mot du Pr\u00e9sident Nous \u0153uvrons dans des domaines o\u00f9 la rentabilit\u00e9, la fiabilit\u00e9 et la ma\u00eetrise du temps sont essentielles. Gr\u00e2ce \u00e0 notre expertise en analyse et en optimisation des processus, nous avons d\u00e9velopp\u00e9 des m\u00e9thodes performantes qui nous permettent de cro\u00eetre aux c\u00f4t\u00e9s de nos collaborateurs et d\u2019offrir \u00e0 nos partenaires une exp\u00e9rience \u00e0 [&hellip;]<\/p>","protected":false},"author":1,"featured_media":0,"parent":0,"menu_order":0,"comment_status":"closed","ping_status":"closed","template":"","meta":{"_eb_attr":"","inline_featured_image":false,"footnotes":""},"class_list":["post-704","page","type-page","status-publish","hentry"],"aioseo_notices":[],"_hostinger_reach_plugin_has_subscription_block":false,"_hostinger_reach_plugin_is_elementor":false,"_links":{"self":[{"href":"https:\/\/sgcigroup.ca\/en\/wp-json\/wp\/v2\/pages\/704","targetHints":{"allow":["GET"]}}],"collection":[{"href":"https:\/\/sgcigroup.ca\/en\/wp-json\/wp\/v2\/pages"}],"about":[{"href":"https:\/\/sgcigroup.ca\/en\/wp-json\/wp\/v2\/types\/page"}],"author":[{"embeddable":true,"href":"https:\/\/sgcigroup.ca\/en\/wp-json\/wp\/v2\/users\/1"}],"replies":[{"embeddable":true,"href":"https:\/\/sgcigroup.ca\/en\/wp-json\/wp\/v2\/comments?post=704"}],"version-history":[{"count":52,"href":"https:\/\/sgcigroup.ca\/en\/wp-json\/wp\/v2\/pages\/704\/revisions"}],"predecessor-version":[{"id":1471,"href":"https:\/\/sgcigroup.ca\/en\/wp-json\/wp\/v2\/pages\/704\/revisions\/1471"}],"wp:attachment":[{"href":"https:\/\/sgcigroup.ca\/en\/wp-json\/wp\/v2\/media?parent=704"}],"curies":[{"name":"wp","href":"https:\/\/api.w.org\/{rel}","templated":true}]}}